{"id":233005,"date":"2022-12-27T16:24:36","date_gmt":"2022-12-27T16:24:36","guid":{"rendered":"https:\/\/izanaki.com.br\/?page_id=233005"},"modified":"2022-12-27T18:05:12","modified_gmt":"2022-12-27T18:05:12","slug":"landing","status":"publish","type":"page","link":"https:\/\/izanaki.com.br\/","title":{"rendered":"landing"},"content":{"rendered":"<p>[et_pb_section fb_built=&#8221;1&#8243; admin_label=&#8221;Header&#8221; _builder_version=&#8221;4.9.3&#8243; background_color=&#8221;#000000&#8243; background_image=&#8221;https:\/\/izanaki.com.br\/wp-content\/uploads\/2022\/12\/sushi-32.png&#8221; min_height=&#8221;100vh&#8221; min_height_tablet=&#8221;&#8221; min_height_phone=&#8221;&#8221; min_height_last_edited=&#8221;on|phone&#8221; custom_margin=&#8221;||-51px|||&#8221; custom_padding=&#8221;10vw||10vw||true|false&#8221;][et_pb_row column_structure=&#8221;1_4,1_2,1_4&#8243; make_equal=&#8221;on&#8221; _builder_version=&#8221;4.9.3&#8243; custom_margin=&#8221;10px|auto||auto||&#8221; custom_padding=&#8221;4px|||||&#8221;][et_pb_column type=&#8221;1_4&#8243; _builder_version=&#8221;4.4.9&#8243; custom_padding=&#8221;||||false|false&#8221;][et_pb_text _builder_version=&#8221;4.9.3&#8243; text_font=&#8221;Aldrich|700||on|||||&#8221; text_text_color=&#8221;#ffffff&#8221; text_font_size=&#8221;12px&#8221; text_line_height=&#8221;1.6em&#8221; positioning=&#8221;absolute&#8221; position_origin_a=&#8221;center_left&#8221; position_origin_a_tablet=&#8221;top_left&#8221; position_origin_a_phone=&#8221;&#8221; position_origin_a_last_edited=&#8221;on|phone&#8221; position_origin_f_tablet=&#8221;&#8221; position_origin_f_phone=&#8221;&#8221; position_origin_f_last_edited=&#8221;on|desktop&#8221; position_origin_r_tablet=&#8221;&#8221; position_origin_r_phone=&#8221;&#8221; position_origin_r_last_edited=&#8221;on|desktop&#8221; text_orientation=&#8221;center&#8221; width=&#8221;100%&#8221; width_tablet=&#8221;100%&#8221; width_phone=&#8221;&#8221; width_last_edited=&#8221;on|tablet&#8221; max_width=&#8221;42px&#8221; custom_margin=&#8221;|481px||||&#8221; custom_padding=&#8221;20px|25px|20px|15px|true|false&#8221; link_option_url=&#8221;#&#8221; positioning_tablet=&#8221;absolute&#8221; positioning_phone=&#8221;&#8221; positioning_last_edited=&#8221;on|tablet&#8221; border_width_all=&#8221;1px&#8221; border_color_all=&#8221;#ffffff&#8221; locked=&#8221;off&#8221; background__hover_enabled=&#8221;on|hover&#8221; background_color__hover=&#8221;#ffffff&#8221; background_enable_color__hover=&#8221;on&#8221; text_text_color__hover_enabled=&#8221;on|hover&#8221; background_layout__hover_enabled=&#8221;off|hover&#8221; background_layout__hover=&#8221;light&#8221; text_text_color__hover=&#8221;#000000&#8243;]Japonese&nbsp; excellence[\/et_pb_text][\/et_pb_column][et_pb_column type=&#8221;1_2&#8243; _builder_version=&#8221;4.4.9&#8243;][et_pb_text _builder_version=&#8221;4.9.3&#8243; _module_preset=&#8221;default&#8221; text_text_color=&#8221;#FFFFFF&#8221; text_font_size=&#8221;32px&#8221; min_height=&#8221;166.8px&#8221; custom_margin=&#8221;-9px||175px|||&#8221; custom_padding=&#8221;30px||62px|||&#8221; inline_fonts=&#8221;Adamina&#8221;]<\/p>\n<pre style=\"text-align: center;\"><span style=\"font-family: Adamina; font-weight: normal;\"><strong>IZANAKI\n<\/strong><\/span><span class=\"Y2IQFc\" lang=\"ja\">\n\u30a4\u30b6\u30ca\u30ad<\/span><\/pre>\n<p>[\/et_pb_text][\/et_pb_column][et_pb_column type=&#8221;1_4&#8243; _builder_version=&#8221;4.9.3&#8243;][\/et_pb_column][\/et_pb_row][\/et_pb_section][et_pb_section fb_built=&#8221;1&#8243; specialty=&#8221;on&#8221; admin_label=&#8221;Timeline&#8221; _builder_version=&#8221;4.4.9&#8243; background_color=&#8221;#f9f4ee&#8221; overflow-x=&#8221;hidden&#8221; overflow-y=&#8221;hidden&#8221;][et_pb_column type=&#8221;1_3&#8243; _builder_version=&#8221;3.25&#8243; custom_padding=&#8221;|||&#8221; custom_padding__hover=&#8221;|||&#8221;][et_pb_text _builder_version=&#8221;4.9.3&#8243; header_2_font=&#8221;Roboto Slab|300|||||||&#8221; header_2_text_color=&#8221;#000000&#8243; header_2_font_size=&#8221;80px&#8221; header_2_line_height=&#8221;1.2em&#8221; header_4_font=&#8221;Oswald|||on|||||&#8221; header_4_text_color=&#8221;#df5518&#8243; header_4_font_size=&#8221;30px&#8221; header_4_line_height=&#8221;1.4em&#8221; width=&#8221;100%&#8221; header_2_font_size_tablet=&#8221;44px&#8221; header_2_font_size_phone=&#8221;28px&#8221; header_2_font_size_last_edited=&#8221;on|phone&#8221; header_4_font_size_tablet=&#8221;24px&#8221; header_4_font_size_phone=&#8221;18px&#8221; header_4_font_size_last_edited=&#8221;on|desktop&#8221; locked=&#8221;off&#8221;]<\/p>\n<h2 style=\"text-align: center;\"><strong>Nossa Hist\u00f3ria<\/strong><\/h2>\n<p>&nbsp;<\/p>\n<p>[\/et_pb_text][et_pb_text _builder_version=&#8221;4.9.3&#8243; text_font_size=&#8221;16px&#8221; text_line_height=&#8221;2em&#8221; max_width=&#8221;340px&#8221; module_alignment=&#8221;left&#8221; text_font_size_tablet=&#8221;14px&#8221; text_font_size_phone=&#8221;&#8221; text_font_size_last_edited=&#8221;on|tablet&#8221; locked=&#8221;off&#8221;]<\/p>\n<p>Pensando em oferecer a melhor experi\u00eancia da culin\u00e1ria japonesa desenvolvemos e criamos o restaurante Izanaki. Desde a cria\u00e7\u00e3o do nome que fala sobre a mitologia das entidades japonesas at\u00e9 o confec\u00e7\u00e3o de um espa\u00e7o que retrata a cultura japonesa trazendo uma sensa\u00e7\u00e3o agrad\u00e1vel e tranquila durante a refei\u00e7\u00e3o.\u00a0<\/p>\n<p>[\/et_pb_text][\/et_pb_column][et_pb_column type=&#8221;2_3&#8243; specialty_columns=&#8221;2&#8243; _builder_version=&#8221;3.25&#8243; custom_padding=&#8221;|||&#8221; custom_padding__hover=&#8221;|||&#8221;][et_pb_row_inner _builder_version=&#8221;4.4.9&#8243; background_image=&#8221;https:\/\/izanaki.com.br\/wp-content\/uploads\/2022\/12\/Line.png&#8221; background_size=&#8221;initial&#8221; background_position=&#8221;top_center&#8221; background_repeat=&#8221;repeat-y&#8221; background_last_edited=&#8221;on|phone&#8221; background_position_phone=&#8221;top_left&#8221;][et_pb_column_inner saved_specialty_column_type=&#8221;2_3&#8243; _builder_version=&#8221;4.4.9&#8243;][et_pb_text _builder_version=&#8221;4.4.9&#8243; header_3_font=&#8221;Oswald|||on|||||&#8221; header_3_font_size=&#8221;40px&#8221; header_3_line_height=&#8221;1.4em&#8221; header_4_font=&#8221;Oswald||||||||&#8221; header_4_text_color=&#8221;#df5518&#8243; header_4_font_size=&#8221;20px&#8221; header_4_line_height=&#8221;1.4em&#8221; text_orientation=&#8221;right&#8221; width=&#8221;45%&#8221; width_tablet=&#8221;&#8221; width_phone=&#8221;90%&#8221; width_last_edited=&#8221;on|phone&#8221; custom_padding_tablet=&#8221;0px||0px||true|false&#8221; custom_padding_last_edited=&#8221;off|desktop&#8221; header_3_font_size_tablet=&#8221;28px&#8221; header_3_font_size_phone=&#8221;18px&#8221; header_3_font_size_last_edited=&#8221;on|phone&#8221; header_4_font_size_tablet=&#8221;16px&#8221; header_4_font_size_phone=&#8221;14px&#8221; header_4_font_size_last_edited=&#8221;on|phone&#8221; text_orientation_tablet=&#8221;&#8221; text_orientation_phone=&#8221;left&#8221; text_orientation_last_edited=&#8221;on|phone&#8221; module_alignment_tablet=&#8221;&#8221; module_alignment_phone=&#8221;right&#8221; module_alignment_last_edited=&#8221;on|phone&#8221; locked=&#8221;off&#8221;]<\/p>\n<h4>2020<\/h4>\n<h3>Abertura!<\/h3>\n<p>Abertura do restaurante Izanaki localizado no shopping Mana\u00edra em Jo\u00e3o Pessoa<\/p>\n<p>[\/et_pb_text][et_pb_text _builder_version=&#8221;4.9.3&#8243; header_3_font=&#8221;Oswald|||on|||||&#8221; header_3_font_size=&#8221;40px&#8221; header_3_line_height=&#8221;1.4em&#8221; header_4_font=&#8221;Oswald||||||||&#8221; header_4_text_color=&#8221;#df5518&#8243; header_4_font_size=&#8221;20px&#8221; header_4_line_height=&#8221;1.4em&#8221; width=&#8221;45%&#8221; width_tablet=&#8221;&#8221; width_phone=&#8221;90%&#8221; width_last_edited=&#8221;on|phone&#8221; module_alignment=&#8221;right&#8221; custom_padding_tablet=&#8221;0px||0px||true|false&#8221; custom_padding_last_edited=&#8221;off|desktop&#8221; header_3_font_size_tablet=&#8221;28px&#8221; header_3_font_size_phone=&#8221;18px&#8221; header_3_font_size_last_edited=&#8221;on|phone&#8221; header_4_font_size_tablet=&#8221;16px&#8221; header_4_font_size_phone=&#8221;14px&#8221; header_4_font_size_last_edited=&#8221;on|phone&#8221; module_alignment_tablet=&#8221;&#8221; module_alignment_phone=&#8221;right&#8221; module_alignment_last_edited=&#8221;on|phone&#8221; locked=&#8221;off&#8221; header_2_3_font_size_tablet=&#8221;28px&#8221; header_3_3_font_size_tablet=&#8221;28px&#8221; header_4_3_font_size_tablet=&#8221;28px&#8221; header_5_3_font_size_tablet=&#8221;28px&#8221; header_6_3_font_size_tablet=&#8221;28px&#8221; header_2_3_font_size_phone=&#8221;18px&#8221; header_3_3_font_size_phone=&#8221;18px&#8221; header_4_3_font_size_phone=&#8221;18px&#8221; header_5_3_font_size_phone=&#8221;18px&#8221; header_6_3_font_size_phone=&#8221;18px&#8221; header_2_3_font_size_last_edited=&#8221;on|phone&#8221; header_3_3_font_size_last_edited=&#8221;on|phone&#8221; header_4_3_font_size_last_edited=&#8221;on|phone&#8221; header_5_3_font_size_last_edited=&#8221;on|phone&#8221; header_6_3_font_size_last_edited=&#8221;on|phone&#8221;]<\/p>\n<h4>2021<\/h4>\n<h3>em busca da excel\u00eancia<\/h3>\n<p>Mesmo durante a pandemia que atingiu o mundo e afetou diversos segmentos da economia, n\u00f3s buscamos a excel\u00eancia e seguran\u00e7a na manipula\u00e7\u00e3o, preparo e apresenta\u00e7\u00e3o do nosso restaurante.<\/p>\n<p>[\/et_pb_text][et_pb_text _builder_version=&#8221;4.9.3&#8243; header_3_font=&#8221;Oswald|||on|||||&#8221; header_3_font_size=&#8221;40px&#8221; header_3_line_height=&#8221;1.4em&#8221; header_4_font=&#8221;Oswald||||||||&#8221; header_4_text_color=&#8221;#df5518&#8243; header_4_font_size=&#8221;20px&#8221; header_4_line_height=&#8221;1.4em&#8221; text_orientation=&#8221;right&#8221; width=&#8221;45%&#8221; width_tablet=&#8221;&#8221; width_phone=&#8221;90%&#8221; width_last_edited=&#8221;on|phone&#8221; header_3_font_size_tablet=&#8221;28px&#8221; header_3_font_size_phone=&#8221;18px&#8221; header_3_font_size_last_edited=&#8221;on|phone&#8221; header_4_font_size_tablet=&#8221;16px&#8221; header_4_font_size_phone=&#8221;14px&#8221; header_4_font_size_last_edited=&#8221;on|phone&#8221; text_orientation_tablet=&#8221;&#8221; text_orientation_phone=&#8221;left&#8221; text_orientation_last_edited=&#8221;on|phone&#8221; module_alignment_tablet=&#8221;&#8221; module_alignment_phone=&#8221;right&#8221; module_alignment_last_edited=&#8221;on|phone&#8221; locked=&#8221;off&#8221; header_2_3_font_size_tablet=&#8221;28px&#8221; header_3_3_font_size_tablet=&#8221;28px&#8221; header_4_3_font_size_tablet=&#8221;28px&#8221; header_5_3_font_size_tablet=&#8221;28px&#8221; header_6_3_font_size_tablet=&#8221;28px&#8221; header_2_3_font_size_phone=&#8221;18px&#8221; header_3_3_font_size_phone=&#8221;18px&#8221; header_4_3_font_size_phone=&#8221;18px&#8221; header_5_3_font_size_phone=&#8221;18px&#8221; header_6_3_font_size_phone=&#8221;18px&#8221; header_2_3_font_size_last_edited=&#8221;on|phone&#8221; header_3_3_font_size_last_edited=&#8221;on|phone&#8221; header_4_3_font_size_last_edited=&#8221;on|phone&#8221; header_5_3_font_size_last_edited=&#8221;on|phone&#8221; header_6_3_font_size_last_edited=&#8221;on|phone&#8221;]<\/p>\n<h4>2022<\/h4>\n<h3>Refer\u00eancia<\/h3>\n<p>Hoje somos um dos restaurantes japoneses com melhor avalia\u00e7\u00e3o nas plataformas de delivery e para nossos milhares de clientes atendidos em nosso espa\u00e7o. Esperamos sua presen\u00e7a\u00a0 tamb\u00e9m.<\/p>\n<p>[\/et_pb_text][\/et_pb_column_inner][\/et_pb_row_inner][\/et_pb_column][\/et_pb_section][et_pb_section fb_built=&#8221;1&#8243; padding_top_bottom_link_1=&#8221;false&#8221; padding_left_right_link_1=&#8221;false&#8221; padding_top_1=&#8221;5vw&#8221; admin_label=&#8221;Feature&#8221; _builder_version=&#8221;4.4.9&#8243; background_color=&#8221;#000000&#8243; background_color_gradient_direction=&#8221;90deg&#8221; background_image=&#8221;https:\/\/izanaki.com.br\/wp-content\/uploads\/2022\/12\/sushi-36.png&#8221; background_size=&#8221;contain&#8221; background_position=&#8221;bottom_left&#8221; overflow-x=&#8221;hidden&#8221; overflow-y=&#8221;hidden&#8221; custom_padding=&#8221;89px||0px|||&#8221;][et_pb_row column_structure=&#8221;1_4,3_4&#8243; _builder_version=&#8221;4.4.9&#8243; background_enable_color=&#8221;off&#8221;][et_pb_column type=&#8221;1_4&#8243; _builder_version=&#8221;4.4.9&#8243;][et_pb_text _builder_version=&#8221;4.9.3&#8243; text_font=&#8221;|700|||||||&#8221; text_font_size=&#8221;25px&#8221; text_line_height=&#8221;1.5em&#8221; text_orientation=&#8221;center&#8221; background_layout=&#8221;dark&#8221; text_font_size_tablet=&#8221;20px&#8221; text_font_size_phone=&#8221;33px&#8221; text_font_size_last_edited=&#8221;on|phone&#8221; locked=&#8221;off&#8221;]\u4f1d\u7d71\u7684[\/et_pb_text][et_pb_image src=&#8221;https:\/\/izanaki.com.br\/wp-content\/uploads\/2022\/12\/sushi-icon-7.png&#8221; title_text=&#8221;sushi-icon- 7&#8243; align=&#8221;center&#8221; _builder_version=&#8221;4.4.9&#8243; max_width=&#8221;150px&#8221; max_width_tablet=&#8221;100px&#8221; max_width_phone=&#8221;80px&#8221; max_width_last_edited=&#8221;on|phone&#8221; module_alignment=&#8221;center&#8221; custom_margin=&#8221;5vw||||false|false&#8221; locked=&#8221;off&#8221;][\/et_pb_image][\/et_pb_column][et_pb_column type=&#8221;3_4&#8243; _builder_version=&#8221;4.4.9&#8243;][et_pb_divider show_divider=&#8221;off&#8221; _builder_version=&#8221;4.4.9&#8243; background_image=&#8221;https:\/\/izanaki.com.br\/wp-content\/uploads\/2022\/12\/sushi-35.png&#8221; background_size=&#8221;initial&#8221; background_repeat=&#8221;repeat&#8221; positioning=&#8221;absolute&#8221; position_origin_a=&#8221;top_right&#8221; vertical_offset=&#8221;-30px&#8221; horizontal_offset=&#8221;-4vw&#8221; z_index=&#8221;1&#8243; vertical_offset_tablet=&#8221;-30px&#8221; vertical_offset_phone=&#8221;-30px&#8221; vertical_offset_last_edited=&#8221;off|phone&#8221; horizontal_offset_tablet=&#8221;30%&#8221; horizontal_offset_last_edited=&#8221;off|desktop&#8221; width=&#8221;60%&#8221; width_tablet=&#8221;200px&#8221; width_phone=&#8221;150px&#8221; width_last_edited=&#8221;off|desktop&#8221; max_width_last_edited=&#8221;off|desktop&#8221; height=&#8221;50%&#8221; height_tablet=&#8221;140px&#8221; height_phone=&#8221;100px&#8221; height_last_edited=&#8221;off|desktop&#8221; scroll_horizontal_motion_enable=&#8221;on&#8221; scroll_horizontal_motion=&#8221;0|50|50|100|-0.5|0|0.5&#8243; locked=&#8221;off&#8221;][\/et_pb_divider][et_pb_text _builder_version=&#8221;4.9.3&#8243; text_font=&#8221;|700|||||||&#8221; header_2_font=&#8221;Roboto Slab|300|||||||&#8221; header_2_font_size=&#8221;120px&#8221; header_2_line_height=&#8221;1.2em&#8221; z_index=&#8221;1&#8243; background_layout=&#8221;dark&#8221; width=&#8221;100%&#8221; header_2_font_size_tablet=&#8221;44px&#8221; header_2_font_size_phone=&#8221;28px&#8221; header_2_font_size_last_edited=&#8221;on|phone&#8221; locked=&#8221;off&#8221;]<\/p>\n<h2><strong>Tradicional<\/strong><\/h2>\n<p>[\/et_pb_text][et_pb_image src=&#8221;https:\/\/izanaki.com.br\/wp-content\/uploads\/2022\/12\/sushi-16.jpg&#8221; title_text=&#8221;sushi-16&#8243; _builder_version=&#8221;4.4.9&#8243; locked=&#8221;off&#8221;][\/et_pb_image][\/et_pb_column][\/et_pb_row][et_pb_row column_structure=&#8221;2_3,1_3&#8243; _builder_version=&#8221;4.4.9&#8243; custom_padding=&#8221;60px|60px|8vw|60px|false|true&#8221; box_shadow_style=&#8221;preset4&#8243; box_shadow_horizontal=&#8221;30vw&#8221; box_shadow_vertical=&#8221;0px&#8221; box_shadow_color=&#8221;#df5518&#8243; locked=&#8221;off&#8221;][et_pb_column type=&#8221;2_3&#8243; _builder_version=&#8221;4.4.8&#8243;][et_pb_text _builder_version=&#8221;4.9.3&#8243; text_font_size=&#8221;16px&#8221; text_line_height=&#8221;2em&#8221; text_orientation=&#8221;center&#8221; background_layout=&#8221;dark&#8221; hover_enabled=&#8221;0&#8243; text_font_size_tablet=&#8221;14px&#8221; text_font_size_phone=&#8221;&#8221; text_font_size_last_edited=&#8221;on|phone&#8221; locked=&#8221;off&#8221; sticky_enabled=&#8221;0&#8243;]<\/p>\n<p style=\"text-align: center;\"><strong>A culin\u00e1ria japonesa que vai conquistar seu paladar .<\/strong><\/p>\n<p>[\/et_pb_text][\/et_pb_column][et_pb_column type=&#8221;1_3&#8243; _builder_version=&#8221;4.4.8&#8243;][et_pb_button button_text=&#8221;Menu&#8221; button_alignment=&#8221;center&#8221; _builder_version=&#8221;4.9.3&#8243; custom_button=&#8221;on&#8221; button_text_size=&#8221;16px&#8221; button_text_color=&#8221;#ffffff&#8221; button_border_color=&#8221;#ffffff&#8221; button_border_radius=&#8221;0px&#8221; button_font=&#8221;Roboto Slab||||||||&#8221; button_use_icon=&#8221;off&#8221; custom_padding=&#8221;16px|30px|16px|30px|true|true&#8221; hover_enabled=&#8221;0&#8243; locked=&#8221;off&#8221; button_url=&#8221;https:\/\/izanaki.com.br\/index.php\/home\/?et_fb=1&#038;PageSpeed=off&#8221; sticky_enabled=&#8221;0&#8243;][\/et_pb_button][\/et_pb_column][\/et_pb_row][\/et_pb_section]<\/p>\n","protected":false},"excerpt":{"rendered":"<p>[et_pb_section fb_built=&#8221;1&#8243; admin_label=&#8221;Header&#8221; _builder_version=&#8221;4.9.3&#8243; background_color=&#8221;#000000&#8243; background_image=&#8221;https:\/\/izanaki.com.br\/wp-content\/uploads\/2022\/12\/sushi-32.png&#8221; min_height=&#8221;100vh&#8221; min_height_tablet=&#8221;&#8221; min_height_phone=&#8221;&#8221; min_height_last_edited=&#8221;on|phone&#8221; custom_margin=&#8221;||-51px|||&#8221; custom_padding=&#8221;10vw||10vw||true|false&#8221;][et_pb_row column_structure=&#8221;1_4,1_2,1_4&#8243; make_equal=&#8221;on&#8221; _builder_version=&#8221;4.9.3&#8243; custom_margin=&#8221;10px|auto||auto||&#8221; custom_padding=&#8221;4px|||||&#8221;][et_pb_column type=&#8221;1_4&#8243; _builder_version=&#8221;4.4.9&#8243; custom_padding=&#8221;||||false|false&#8221;][et_pb_text _builder_version=&#8221;4.9.3&#8243; text_font=&#8221;Aldrich|700||on|||||&#8221; text_text_color=&#8221;#ffffff&#8221; text_font_size=&#8221;12px&#8221; text_line_height=&#8221;1.6em&#8221; positioning=&#8221;absolute&#8221; position_origin_a=&#8221;center_left&#8221; position_origin_a_tablet=&#8221;top_left&#8221; position_origin_a_phone=&#8221;&#8221; position_origin_a_last_edited=&#8221;on|phone&#8221; [&hellip;]<\/p>\n","protected":false},"author":1,"featured_media":0,"parent":0,"menu_order":0,"comment_status":"closed","ping_status":"closed","template":"","meta":{"_et_pb_use_builder":"on","_et_pb_old_content":"","_et_gb_content_width":"","_joinchat":[],"footnotes":""},"class_list":["post-233005","page","type-page","status-publish","hentry"],"_links":{"self":[{"href":"https:\/\/izanaki.com.br\/index.php\/wp-json\/wp\/v2\/pages\/233005","targetHints":{"allow":["GET"]}}],"collection":[{"href":"https:\/\/izanaki.com.br\/index.php\/wp-json\/wp\/v2\/pages"}],"about":[{"href":"https:\/\/izanaki.com.br\/index.php\/wp-json\/wp\/v2\/types\/page"}],"author":[{"embeddable":true,"href":"https:\/\/izanaki.com.br\/index.php\/wp-json\/wp\/v2\/users\/1"}],"replies":[{"embeddable":true,"href":"https:\/\/izanaki.com.br\/index.php\/wp-json\/wp\/v2\/comments?post=233005"}],"version-history":[{"count":33,"href":"https:\/\/izanaki.com.br\/index.php\/wp-json\/wp\/v2\/pages\/233005\/revisions"}],"predecessor-version":[{"id":233164,"href":"https:\/\/izanaki.com.br\/index.php\/wp-json\/wp\/v2\/pages\/233005\/revisions\/233164"}],"wp:attachment":[{"href":"https:\/\/izanaki.com.br\/index.php\/wp-json\/wp\/v2\/media?parent=233005"}],"curies":[{"name":"wp","href":"https:\/\/api.w.org\/{rel}","templated":true}]}}