{"id":233018,"date":"2022-12-27T16:56:39","date_gmt":"2022-12-27T16:56:39","guid":{"rendered":"https:\/\/izanaki.com.br\/?page_id=233018"},"modified":"2022-12-27T16:57:37","modified_gmt":"2022-12-27T16:57:37","slug":"about","status":"publish","type":"page","link":"https:\/\/izanaki.com.br\/index.php\/about\/","title":{"rendered":"About"},"content":{"rendered":"<p>[et_pb_section fb_built=&#8221;1&#8243; admin_label=&#8221;Header&#8221; _builder_version=&#8221;4.4.9&#8243; background_color=&#8221;#f9f4ee&#8221; custom_padding=&#8221;50px||0px||false|false&#8221; locked=&#8221;off&#8221;][et_pb_row column_structure=&#8221;2_5,3_5&#8243; _builder_version=&#8221;4.4.9&#8243; custom_padding=&#8221;0px|||||&#8221;][et_pb_column type=&#8221;2_5&#8243; _builder_version=&#8221;4.4.8&#8243; custom_padding=&#8221;60px||60px||true|false&#8221; custom_padding_tablet=&#8221;40px||40px||true|false&#8221; custom_padding_phone=&#8221;&#8221; custom_padding_last_edited=&#8221;on|phone&#8221;][et_pb_text _builder_version=&#8221;4.9.3&#8243; header_font=&#8221;Roboto Slab|300|||||||&#8221; header_text_color=&#8221;#000000&#8243; header_font_size=&#8221;120px&#8221; header_4_font=&#8221;Oswald|||on|||||&#8221; header_4_font_size=&#8221;30px&#8221; header_4_line_height=&#8221;1.4em&#8221; custom_padding=&#8221;||||false|false&#8221; hover_enabled=&#8221;0&#8243; header_font_size_tablet=&#8221;54px&#8221; header_font_size_phone=&#8221;32px&#8221; header_font_size_last_edited=&#8221;on|phone&#8221; header_4_font_size_tablet=&#8221;24px&#8221; header_4_font_size_phone=&#8221;18px&#8221; header_4_font_size_last_edited=&#8221;on|phone&#8221; locked=&#8221;off&#8221; sticky_enabled=&#8221;0&#8243;]<\/p>\n<h1 style=\"text-align: center;\"><strong><span style=\"color: #e09900;\">Ambienta\u00e7\u00e3o<\/span><\/strong><\/h1>\n<p>[\/et_pb_text][et_pb_text _builder_version=&#8221;4.9.3&#8243; text_font_size=&#8221;16px&#8221; text_line_height=&#8221;2em&#8221; hover_enabled=&#8221;0&#8243; text_font_size_tablet=&#8221;14px&#8221; text_font_size_phone=&#8221;&#8221; text_font_size_last_edited=&#8221;on|phone&#8221; locked=&#8221;off&#8221; sticky_enabled=&#8221;0&#8243;]<\/p>\n<p>Aconchegante, e com diversos estilos para agradar voc\u00ea e sua fam\u00edlia. Vem desfrutar de um momento gostoso e com uma decora\u00e7\u00e3o que te traz uma sensa\u00e7\u00e3o \u00fanica.\u00a0<\/p>\n<p>[\/et_pb_text][\/et_pb_column][et_pb_column type=&#8221;3_5&#8243; _builder_version=&#8221;4.4.9&#8243; custom_padding=&#8221;|48px||48px|false|true&#8221; custom_padding_tablet=&#8221;|30px||30px|false|true&#8221; custom_padding_phone=&#8221;|20px||20px|false|true&#8221; custom_padding_last_edited=&#8221;on|phone&#8221; border_width_all=&#8221;10px&#8221; border_color_all=&#8221;#000000&#8243; border_width_all_tablet=&#8221;8px&#8221; border_width_all_phone=&#8221;4px&#8221; border_width_all_last_edited=&#8221;on|phone&#8221;][et_pb_image src=&#8221;https:\/\/izanaki.com.br\/wp-content\/uploads\/2022\/12\/sushi-brush.png&#8221; title_text=&#8221;sushi-brush&#8221; align=&#8221;right&#8221; _builder_version=&#8221;4.9.3&#8243; positioning=&#8221;absolute&#8221; position_origin_a=&#8221;top_right&#8221; vertical_offset=&#8221;-10%&#8221; horizontal_offset=&#8221;-16%&#8221; horizontal_offset_tablet=&#8221;-8vw&#8221; horizontal_offset_phone=&#8221;&#8221; horizontal_offset_last_edited=&#8221;on|phone&#8221; width=&#8221;400px&#8221; width_tablet=&#8221;250px&#8221; width_phone=&#8221;200px&#8221; width_last_edited=&#8221;on|phone&#8221; hover_enabled=&#8221;0&#8243; locked=&#8221;off&#8221; sticky_enabled=&#8221;0&#8243;][\/et_pb_image][et_pb_image src=&#8221;https:\/\/izanaki.com.br\/wp-content\/uploads\/2022\/12\/WhatsApp-Image-2022-11-28-at-19.56.38.png&#8221; title_text=&#8221;WhatsApp Image 2022-11-28 at 19.56.38&#8243; _builder_version=&#8221;4.9.3&#8243; custom_margin=&#8221;-60px||-60px||true|false&#8221; custom_margin_tablet=&#8221;-40px||-40px||true|false&#8221; custom_margin_phone=&#8221;&#8221; custom_margin_last_edited=&#8221;on|desktop&#8221; hover_enabled=&#8221;0&#8243; locked=&#8221;off&#8221; sticky_enabled=&#8221;0&#8243;][\/et_pb_image][\/et_pb_column][\/et_pb_row][\/et_pb_section][et_pb_section fb_built=&#8221;1&#8243; admin_label=&#8221;About&#8221; _builder_version=&#8221;4.4.9&#8243; background_color=&#8221;#f9f4ee&#8221; locked=&#8221;off&#8221;][et_pb_row _builder_version=&#8221;4.9.3&#8243; _module_preset=&#8221;default&#8221; hover_enabled=&#8221;0&#8243; sticky_enabled=&#8221;0&#8243;][et_pb_column _builder_version=&#8221;4.9.3&#8243; _module_preset=&#8221;default&#8221; type=&#8221;4_4&#8243; hover_enabled=&#8221;0&#8243; sticky_enabled=&#8221;0&#8243;][dsm_image_accordion _builder_version=&#8221;4.9.3&#8243; _module_preset=&#8221;default&#8221; background_color=&#8221;#E02B20&#8243; hover_enabled=&#8221;0&#8243; sticky_enabled=&#8221;0&#8243; image_accordion_type=&#8221;on_click&#8221;][dsm_image_accordion_child _builder_version=&#8221;4.9.3&#8243; _module_preset=&#8221;default&#8221; title_text=&#8221;5298401b-8681-43f9-97ab-dde5aa480ba5&#8243; image_accordion_src=&#8221;https:\/\/izanaki.com.br\/wp-content\/uploads\/2022\/12\/5298401b-8681-43f9-97ab-dde5aa480ba5.jpeg&#8221; hover_enabled=&#8221;0&#8243; sticky_enabled=&#8221;0&#8243;][\/dsm_image_accordion_child][dsm_image_accordion_child _builder_version=&#8221;4.9.3&#8243; _module_preset=&#8221;default&#8221; title_text=&#8221;f81195f4-d113-470c-a097-e2159892a4a7&#8243; image_accordion_src=&#8221;https:\/\/izanaki.com.br\/wp-content\/uploads\/2022\/12\/f81195f4-d113-470c-a097-e2159892a4a7.jpeg&#8221; hover_enabled=&#8221;0&#8243; sticky_enabled=&#8221;0&#8243;][\/dsm_image_accordion_child][dsm_image_accordion_child _builder_version=&#8221;4.9.3&#8243; _module_preset=&#8221;default&#8221; hover_enabled=&#8221;0&#8243; sticky_enabled=&#8221;0&#8243; title_text=&#8221;98a9ccfc-3461-4245-beab-05edc41ebc86&#8243; image_accordion_src=&#8221;https:\/\/izanaki.com.br\/wp-content\/uploads\/2022\/12\/98a9ccfc-3461-4245-beab-05edc41ebc86.jpeg&#8221;][\/dsm_image_accordion_child][dsm_image_accordion_child _builder_version=&#8221;4.9.3&#8243; _module_preset=&#8221;default&#8221; title_text=&#8221;ES1&#8243; image_accordion_src=&#8221;https:\/\/izanaki.com.br\/wp-content\/uploads\/2022\/12\/ES1.png&#8221; hover_enabled=&#8221;0&#8243; sticky_enabled=&#8221;0&#8243;][\/dsm_image_accordion_child][\/dsm_image_accordion][\/et_pb_column][\/et_pb_row][\/et_pb_section]<\/p>\n","protected":false},"excerpt":{"rendered":"<p>[et_pb_section fb_built=&#8221;1&#8243; admin_label=&#8221;Header&#8221; _builder_version=&#8221;4.4.9&#8243; background_color=&#8221;#f9f4ee&#8221; custom_padding=&#8221;50px||0px||false|false&#8221; locked=&#8221;off&#8221;][et_pb_row column_structure=&#8221;2_5,3_5&#8243; _builder_version=&#8221;4.4.9&#8243; custom_padding=&#8221;0px|||||&#8221;][et_pb_column type=&#8221;2_5&#8243; _builder_version=&#8221;4.4.8&#8243; custom_padding=&#8221;60px||60px||true|false&#8221; custom_padding_tablet=&#8221;40px||40px||true|false&#8221; custom_padding_phone=&#8221;&#8221; custom_padding_last_edited=&#8221;on|phone&#8221;][et_pb_text _builder_version=&#8221;4.9.3&#8243; header_font=&#8221;Roboto Slab|300|||||||&#8221; header_text_color=&#8221;#000000&#8243; header_font_size=&#8221;120px&#8221; header_4_font=&#8221;Oswald|||on|||||&#8221; header_4_font_size=&#8221;30px&#8221; header_4_line_height=&#8221;1.4em&#8221; custom_padding=&#8221;||||false|false&#8221; hover_enabled=&#8221;0&#8243; header_font_size_tablet=&#8221;54px&#8221; header_font_size_phone=&#8221;32px&#8221; header_font_size_last_edited=&#8221;on|phone&#8221; header_4_font_size_tablet=&#8221;24px&#8221; [&hellip;]<\/p>\n","protected":false},"author":1,"featured_media":0,"parent":0,"menu_order":0,"comment_status":"closed","ping_status":"closed","template":"","meta":{"_et_pb_use_builder":"on","_et_pb_old_content":"","_et_gb_content_width":"","_joinchat":[],"footnotes":""},"class_list":["post-233018","page","type-page","status-publish","hentry"],"_links":{"self":[{"href":"https:\/\/izanaki.com.br\/index.php\/wp-json\/wp\/v2\/pages\/233018","targetHints":{"allow":["GET"]}}],"collection":[{"href":"https:\/\/izanaki.com.br\/index.php\/wp-json\/wp\/v2\/pages"}],"about":[{"href":"https:\/\/izanaki.com.br\/index.php\/wp-json\/wp\/v2\/types\/page"}],"author":[{"embeddable":true,"href":"https:\/\/izanaki.com.br\/index.php\/wp-json\/wp\/v2\/users\/1"}],"replies":[{"embeddable":true,"href":"https:\/\/izanaki.com.br\/index.php\/wp-json\/wp\/v2\/comments?post=233018"}],"version-history":[{"count":10,"href":"https:\/\/izanaki.com.br\/index.php\/wp-json\/wp\/v2\/pages\/233018\/revisions"}],"predecessor-version":[{"id":233150,"href":"https:\/\/izanaki.com.br\/index.php\/wp-json\/wp\/v2\/pages\/233018\/revisions\/233150"}],"wp:attachment":[{"href":"https:\/\/izanaki.com.br\/index.php\/wp-json\/wp\/v2\/media?parent=233018"}],"curies":[{"name":"wp","href":"https:\/\/api.w.org\/{rel}","templated":true}]}}