{"id":233152,"date":"2022-12-27T17:58:50","date_gmt":"2022-12-27T17:58:50","guid":{"rendered":"https:\/\/izanaki.com.br\/?page_id=233152"},"modified":"2022-12-27T18:00:20","modified_gmt":"2022-12-27T18:00:20","slug":"equipe-2","status":"publish","type":"page","link":"https:\/\/izanaki.com.br\/index.php\/equipe-2\/","title":{"rendered":"Equipe"},"content":{"rendered":"<p>[et_pb_section fb_built=&#8221;1&#8243; admin_label=&#8221;Header&#8221; _builder_version=&#8221;4.4.9&#8243; background_color=&#8221;#f9f4ee&#8221; custom_padding=&#8221;50px||0px||false|false&#8221; locked=&#8221;off&#8221;][et_pb_row column_structure=&#8221;2_5,3_5&#8243; _builder_version=&#8221;4.4.9&#8243; custom_padding=&#8221;0px|||||&#8221;][et_pb_column type=&#8221;2_5&#8243; _builder_version=&#8221;4.4.8&#8243; custom_padding=&#8221;60px||60px||true|false&#8221; custom_padding_tablet=&#8221;40px||40px||true|false&#8221; custom_padding_phone=&#8221;&#8221; custom_padding_last_edited=&#8221;on|phone&#8221;][et_pb_text _builder_version=&#8221;4.9.3&#8243; header_font=&#8221;Roboto Slab|300|||||||&#8221; header_text_color=&#8221;#000000&#8243; header_font_size=&#8221;120px&#8221; header_4_font=&#8221;Oswald|||on|||||&#8221; header_4_font_size=&#8221;30px&#8221; header_4_line_height=&#8221;1.4em&#8221; custom_padding=&#8221;||||false|false&#8221; header_font_size_tablet=&#8221;54px&#8221; header_font_size_phone=&#8221;32px&#8221; header_font_size_last_edited=&#8221;on|phone&#8221; header_4_font_size_tablet=&#8221;24px&#8221; header_4_font_size_phone=&#8221;18px&#8221; header_4_font_size_last_edited=&#8221;on|phone&#8221; locked=&#8221;off&#8221;]<\/p>\n<h1 style=\"text-align: center;\"><strong><span style=\"color: #e09900;\">Equipe<\/span><\/strong><\/h1>\n<p>[\/et_pb_text][et_pb_text _builder_version=&#8221;4.9.3&#8243; text_font_size=&#8221;16px&#8221; text_line_height=&#8221;2em&#8221; text_font_size_tablet=&#8221;14px&#8221; text_font_size_phone=&#8221;&#8221; text_font_size_last_edited=&#8221;on|phone&#8221; locked=&#8221;off&#8221; custom_padding=&#8221;||0px|||&#8221;]<\/p>\n<p>Os profissionais do Izanaki buscam sempre fornecer a melhor experi\u00eancia ao seus clientes, desde de sua recep\u00e7\u00e3o, passando pela sua est\u00e1dia, qualidade nos pratos e despedida do cliente. Para n\u00f3s o mais importante \u00e9 a satisfa\u00e7\u00e3o total de nosso cliente.<\/p>\n<p>[\/et_pb_text][\/et_pb_column][et_pb_column type=&#8221;3_5&#8243; _builder_version=&#8221;4.4.9&#8243; custom_padding=&#8221;|48px||48px|false|true&#8221; custom_padding_tablet=&#8221;|30px||30px|false|true&#8221; custom_padding_phone=&#8221;|20px||20px|false|true&#8221; custom_padding_last_edited=&#8221;on|phone&#8221; border_width_all=&#8221;10px&#8221; border_color_all=&#8221;#000000&#8243; border_width_all_tablet=&#8221;8px&#8221; border_width_all_phone=&#8221;4px&#8221; border_width_all_last_edited=&#8221;on|phone&#8221;][et_pb_image src=&#8221;https:\/\/izanaki.com.br\/wp-content\/uploads\/2022\/12\/sushi-brush.png&#8221; title_text=&#8221;sushi-brush&#8221; align=&#8221;right&#8221; _builder_version=&#8221;4.9.3&#8243; positioning=&#8221;absolute&#8221; position_origin_a=&#8221;top_right&#8221; vertical_offset=&#8221;-10%&#8221; horizontal_offset=&#8221;-16%&#8221; horizontal_offset_tablet=&#8221;-8vw&#8221; horizontal_offset_phone=&#8221;&#8221; horizontal_offset_last_edited=&#8221;on|phone&#8221; width=&#8221;400px&#8221; width_tablet=&#8221;250px&#8221; width_phone=&#8221;200px&#8221; width_last_edited=&#8221;on|phone&#8221; locked=&#8221;off&#8221;][\/et_pb_image][et_pb_image src=&#8221;https:\/\/izanaki.com.br\/wp-content\/uploads\/2022\/12\/WhatsApp-Image-2022-11-28-at-19.56.39.jpeg&#8221; title_text=&#8221;WhatsApp Image 2022-11-28 at 19.56.39&#8243; _builder_version=&#8221;4.9.3&#8243; custom_margin=&#8221;-60px||-60px||true|false&#8221; custom_margin_tablet=&#8221;-40px||-40px||true|false&#8221; custom_margin_phone=&#8221;&#8221; custom_margin_last_edited=&#8221;on|desktop&#8221; hover_enabled=&#8221;0&#8243; locked=&#8221;off&#8221; sticky_enabled=&#8221;0&#8243;][\/et_pb_image][\/et_pb_column][\/et_pb_row][\/et_pb_section][et_pb_section fb_built=&#8221;1&#8243; admin_label=&#8221;Jobs&#8221; _builder_version=&#8221;4.9.3&#8243; background_color=&#8221;#E09900&#8243; overflow-x=&#8221;hidden&#8221; overflow-y=&#8221;hidden&#8221; saved_tabs=&#8221;all&#8221; locked=&#8221;off&#8221;][et_pb_row custom_padding_last_edited=&#8221;on|desktop&#8221; _builder_version=&#8221;4.9.3&#8243; background_image=&#8221;https:\/\/izanaki.com.br\/wp-content\/uploads\/2022\/12\/sushi-38.png&#8221; background_size=&#8221;initial&#8221; background_position=&#8221;bottom_center&#8221; background_repeat=&#8221;repeat&#8221; z_index=&#8221;1&#8243; max_width=&#8221;700px&#8221; custom_padding=&#8221;80px|80px|0px|80px|false|true&#8221; custom_padding_tablet=&#8221;40px|35px||35px|false|true&#8221; custom_padding_phone=&#8221;16px|15px||15px|false|true&#8221;][et_pb_column type=&#8221;4_4&#8243; _builder_version=&#8221;4.4.8&#8243;][et_pb_text _builder_version=&#8221;4.9.3&#8243; header_2_font=&#8221;Poppins|600||on|||||&#8221; header_2_text_color=&#8221;#000000&#8243; header_2_font_size=&#8221;70px&#8221; custom_margin=&#8221;||0px||false|false&#8221; header_2_font_size_tablet=&#8221;42px&#8221; header_2_font_size_phone=&#8221;28px&#8221; header_2_font_size_last_edited=&#8221;on|desktop&#8221; header_2_text_shadow_style=&#8221;preset5&#8243; header_2_text_shadow_horizontal_length=&#8221;0.06em&#8221; header_2_text_shadow_vertical_length=&#8221;0.06em&#8221; header_2_text_shadow_color=&#8221;#df5518&#8243; locked=&#8221;off&#8221;]<\/p>\n<h2 style=\"text-align: center;\">Seja parte da nossa equipe<\/h2>\n<p>[\/et_pb_text][\/et_pb_column][\/et_pb_row][et_pb_row custom_padding_last_edited=&#8221;on|desktop&#8221; _builder_version=&#8221;4.9.3&#8243; background_image=&#8221;https:\/\/izanaki.com.br\/wp-content\/uploads\/2022\/12\/sushi-38.png&#8221; background_size=&#8221;initial&#8221; background_position=&#8221;top_center&#8221; background_repeat=&#8221;repeat&#8221; z_index=&#8221;1&#8243; max_width=&#8221;700px&#8221; custom_padding=&#8221;|80px|80px|80px|false|true&#8221; custom_padding_tablet=&#8221;|30px|40px|30px|false|true&#8221; custom_padding_phone=&#8221;|20px|16px|20px|false|true&#8221;][et_pb_column type=&#8221;4_4&#8243; _builder_version=&#8221;4.4.8&#8243;][et_pb_text _builder_version=&#8221;4.9.3&#8243; text_font=&#8221;Roboto Slab||||||||&#8221; text_text_color=&#8221;#df5518&#8243; text_font_size=&#8221;28px&#8221; text_line_height=&#8221;1.6em&#8221; link_text_color=&#8221;#df5518&#8243; header_6_font_size=&#8221;16px&#8221; header_6_line_height=&#8221;1.4em&#8221; hover_enabled=&#8221;0&#8243; text_font_size_tablet=&#8221;24px&#8221; text_font_size_phone=&#8221;16px&#8221; text_font_size_last_edited=&#8221;on|tablet&#8221; locked=&#8221;off&#8221; sticky_enabled=&#8221;0&#8243;]<\/p>\n<h4 style=\"text-align: justify;\">Se surgir oportunidades e voc\u00ea se encaixar na vaga iremos entrar em contato para ver se voc\u00ea se encaixa no nosso time .<\/h4>\n<p style=\"text-align: center;\"><span style=\"color: #ffffff;\">Atendente &#8211; Auxiliar de Cozinha &#8211; Sushiman &#8211; Caixa<\/span><\/p>\n<p>[\/et_pb_text][\/et_pb_column][\/et_pb_row][et_pb_row _builder_version=&#8221;4.9.3&#8243; _module_preset=&#8221;default&#8221;][et_pb_column type=&#8221;4_4&#8243; _builder_version=&#8221;4.9.3&#8243; _module_preset=&#8221;default&#8221;][et_pb_contact_form _builder_version=&#8221;4.9.3&#8243; _module_preset=&#8221;default&#8221; form_field_text_color=&#8221;#E02B20&#8243; form_field_focus_background_color=&#8221;#000000&#8243; hover_enabled=&#8221;0&#8243; border_width_all=&#8221;3px&#8221; sticky_enabled=&#8221;0&#8243; custom_button=&#8221;on&#8221; button_text_size=&#8221;21px&#8221; button_text_color=&#8221;#FFFFFF&#8221; button_bg_color=&#8221;#E02B20&#8243; button_bg_enable_color=&#8221;on&#8221;][et_pb_contact_field field_id=&#8221;Name&#8221; field_title=&#8221;Nome&#8221; _builder_version=&#8221;3.16&#8243; button_text_size__hover_enabled=&#8221;off&#8221; button_one_text_size__hover_enabled=&#8221;off&#8221; button_two_text_size__hover_enabled=&#8221;off&#8221; button_text_color__hover_enabled=&#8221;off&#8221; button_one_text_color__hover_enabled=&#8221;off&#8221; button_two_text_color__hover_enabled=&#8221;off&#8221; button_border_width__hover_enabled=&#8221;off&#8221; button_one_border_width__hover_enabled=&#8221;off&#8221; button_two_border_width__hover_enabled=&#8221;off&#8221; button_border_color__hover_enabled=&#8221;off&#8221; button_one_border_color__hover_enabled=&#8221;off&#8221; button_two_border_color__hover_enabled=&#8221;off&#8221; button_border_radius__hover_enabled=&#8221;off&#8221; button_one_border_radius__hover_enabled=&#8221;off&#8221; button_two_border_radius__hover_enabled=&#8221;off&#8221; button_letter_spacing__hover_enabled=&#8221;off&#8221; button_one_letter_spacing__hover_enabled=&#8221;off&#8221; button_two_letter_spacing__hover_enabled=&#8221;off&#8221; button_bg_color__hover_enabled=&#8221;off&#8221; button_one_bg_color__hover_enabled=&#8221;off&#8221; button_two_bg_color__hover_enabled=&#8221;off&#8221;][\/et_pb_contact_field][et_pb_contact_field field_id=&#8221;Email&#8221; field_title=&#8221;E-mail&#8221; field_type=&#8221;email&#8221; _builder_version=&#8221;3.16&#8243; button_text_size__hover_enabled=&#8221;off&#8221; button_one_text_size__hover_enabled=&#8221;off&#8221; button_two_text_size__hover_enabled=&#8221;off&#8221; button_text_color__hover_enabled=&#8221;off&#8221; button_one_text_color__hover_enabled=&#8221;off&#8221; button_two_text_color__hover_enabled=&#8221;off&#8221; button_border_width__hover_enabled=&#8221;off&#8221; button_one_border_width__hover_enabled=&#8221;off&#8221; button_two_border_width__hover_enabled=&#8221;off&#8221; button_border_color__hover_enabled=&#8221;off&#8221; button_one_border_color__hover_enabled=&#8221;off&#8221; button_two_border_color__hover_enabled=&#8221;off&#8221; button_border_radius__hover_enabled=&#8221;off&#8221; button_one_border_radius__hover_enabled=&#8221;off&#8221; button_two_border_radius__hover_enabled=&#8221;off&#8221; button_letter_spacing__hover_enabled=&#8221;off&#8221; button_one_letter_spacing__hover_enabled=&#8221;off&#8221; button_two_letter_spacing__hover_enabled=&#8221;off&#8221; button_bg_color__hover_enabled=&#8221;off&#8221; button_one_bg_color__hover_enabled=&#8221;off&#8221; button_two_bg_color__hover_enabled=&#8221;off&#8221;][\/et_pb_contact_field][et_pb_contact_field field_id=&#8221;Message&#8221; field_title=&#8221;Mensagem&#8221; field_type=&#8221;text&#8221; fullwidth_field=&#8221;on&#8221; _builder_version=&#8221;3.16&#8243; button_text_size__hover_enabled=&#8221;off&#8221; button_one_text_size__hover_enabled=&#8221;off&#8221; button_two_text_size__hover_enabled=&#8221;off&#8221; button_text_color__hover_enabled=&#8221;off&#8221; button_one_text_color__hover_enabled=&#8221;off&#8221; button_two_text_color__hover_enabled=&#8221;off&#8221; button_border_width__hover_enabled=&#8221;off&#8221; button_one_border_width__hover_enabled=&#8221;off&#8221; button_two_border_width__hover_enabled=&#8221;off&#8221; button_border_color__hover_enabled=&#8221;off&#8221; button_one_border_color__hover_enabled=&#8221;off&#8221; button_two_border_color__hover_enabled=&#8221;off&#8221; button_border_radius__hover_enabled=&#8221;off&#8221; button_one_border_radius__hover_enabled=&#8221;off&#8221; button_two_border_radius__hover_enabled=&#8221;off&#8221; button_letter_spacing__hover_enabled=&#8221;off&#8221; button_one_letter_spacing__hover_enabled=&#8221;off&#8221; button_two_letter_spacing__hover_enabled=&#8221;off&#8221; button_bg_color__hover_enabled=&#8221;off&#8221; button_one_bg_color__hover_enabled=&#8221;off&#8221; button_two_bg_color__hover_enabled=&#8221;off&#8221;][\/et_pb_contact_field][\/et_pb_contact_form][\/et_pb_column][\/et_pb_row][\/et_pb_section]<\/p>\n","protected":false},"excerpt":{"rendered":"<p>[et_pb_section fb_built=&#8221;1&#8243; admin_label=&#8221;Header&#8221; _builder_version=&#8221;4.4.9&#8243; background_color=&#8221;#f9f4ee&#8221; custom_padding=&#8221;50px||0px||false|false&#8221; locked=&#8221;off&#8221;][et_pb_row column_structure=&#8221;2_5,3_5&#8243; _builder_version=&#8221;4.4.9&#8243; custom_padding=&#8221;0px|||||&#8221;][et_pb_column type=&#8221;2_5&#8243; _builder_version=&#8221;4.4.8&#8243; custom_padding=&#8221;60px||60px||true|false&#8221; custom_padding_tablet=&#8221;40px||40px||true|false&#8221; custom_padding_phone=&#8221;&#8221; custom_padding_last_edited=&#8221;on|phone&#8221;][et_pb_text _builder_version=&#8221;4.9.3&#8243; header_font=&#8221;Roboto Slab|300|||||||&#8221; header_text_color=&#8221;#000000&#8243; header_font_size=&#8221;120px&#8221; header_4_font=&#8221;Oswald|||on|||||&#8221; header_4_font_size=&#8221;30px&#8221; header_4_line_height=&#8221;1.4em&#8221; custom_padding=&#8221;||||false|false&#8221; header_font_size_tablet=&#8221;54px&#8221; header_font_size_phone=&#8221;32px&#8221; header_font_size_last_edited=&#8221;on|phone&#8221; header_4_font_size_tablet=&#8221;24px&#8221; header_4_font_size_phone=&#8221;18px&#8221; [&hellip;]<\/p>\n","protected":false},"author":1,"featured_media":0,"parent":0,"menu_order":0,"comment_status":"closed","ping_status":"closed","template":"","meta":{"_et_pb_use_builder":"on","_et_pb_old_content":"","_et_gb_content_width":"","_joinchat":[],"footnotes":""},"class_list":["post-233152","page","type-page","status-publish","hentry"],"_links":{"self":[{"href":"https:\/\/izanaki.com.br\/index.php\/wp-json\/wp\/v2\/pages\/233152","targetHints":{"allow":["GET"]}}],"collection":[{"href":"https:\/\/izanaki.com.br\/index.php\/wp-json\/wp\/v2\/pages"}],"about":[{"href":"https:\/\/izanaki.com.br\/index.php\/wp-json\/wp\/v2\/types\/page"}],"author":[{"embeddable":true,"href":"https:\/\/izanaki.com.br\/index.php\/wp-json\/wp\/v2\/users\/1"}],"replies":[{"embeddable":true,"href":"https:\/\/izanaki.com.br\/index.php\/wp-json\/wp\/v2\/comments?post=233152"}],"version-history":[{"count":5,"href":"https:\/\/izanaki.com.br\/index.php\/wp-json\/wp\/v2\/pages\/233152\/revisions"}],"predecessor-version":[{"id":233160,"href":"https:\/\/izanaki.com.br\/index.php\/wp-json\/wp\/v2\/pages\/233152\/revisions\/233160"}],"wp:attachment":[{"href":"https:\/\/izanaki.com.br\/index.php\/wp-json\/wp\/v2\/media?parent=233152"}],"curies":[{"name":"wp","href":"https:\/\/api.w.org\/{rel}","templated":true}]}}