{"id":5,"date":"2022-12-27T16:39:24","date_gmt":"2022-12-27T16:39:24","guid":{"rendered":"https:\/\/izanaki.com.br\/?page_id=5"},"modified":"2022-12-27T16:46:43","modified_gmt":"2022-12-27T16:46:43","slug":"home","status":"publish","type":"page","link":"https:\/\/izanaki.com.br\/index.php\/home\/","title":{"rendered":"Home-"},"content":{"rendered":"<p>[et_pb_section fb_built=&#8221;1&#8243; admin_label=&#8221;Header&#8221; _builder_version=&#8221;4.9.3&#8243; background_color=&#8221;#000000&#8243; background_image=&#8221;https:\/\/izanaki.com.br\/wp-content\/uploads\/2022\/12\/sushi-08.jpg&#8221; min_height=&#8221;100vh&#8221; min_height_tablet=&#8221;&#8221; min_height_phone=&#8221;&#8221; min_height_last_edited=&#8221;on|phone&#8221; custom_padding=&#8221;14vw||14vw||true|false&#8221; locked=&#8221;off&#8221;][et_pb_row column_structure=&#8221;1_3,2_3&#8243; make_equal=&#8221;on&#8221; _builder_version=&#8221;4.9.3&#8243; locked=&#8221;off&#8221;][et_pb_column type=&#8221;1_3&#8243; _builder_version=&#8221;4.4.9&#8243; custom_padding=&#8221;||||false|false&#8221;][et_pb_divider show_divider=&#8221;off&#8221; _builder_version=&#8221;4.9.3&#8243; background_image=&#8221;https:\/\/izanaki.com.br\/wp-content\/uploads\/2022\/12\/sushi-background-pattern-red-150&#215;75-1.png&#8221; background_size=&#8221;initial&#8221; background_repeat=&#8221;repeat&#8221; positioning=&#8221;absolute&#8221; position_origin_a=&#8221;center_center&#8221; vertical_offset=&#8221;0px&#8221; width=&#8221;120px&#8221; width_tablet=&#8221;120px&#8221; width_phone=&#8221;100px&#8221; width_last_edited=&#8221;on|phone&#8221; height=&#8221;320px&#8221; height_tablet=&#8221;250px&#8221; height_phone=&#8221;220px&#8221; height_last_edited=&#8221;on|phone&#8221; custom_margin=&#8221;|||88px|false|false&#8221; custom_margin_tablet=&#8221;40px||||false|false&#8221; custom_margin_phone=&#8221;||30px||false|false&#8221; custom_margin_last_edited=&#8221;on|tablet&#8221; locked=&#8221;off&#8221;][\/et_pb_divider][et_pb_text _builder_version=&#8221;4.9.3&#8243; text_font=&#8221;|700|||||||&#8221; text_font_size=&#8221;96px&#8221; text_line_height=&#8221;1em&#8221; text_orientation=&#8221;center&#8221; background_layout=&#8221;dark&#8221; max_width=&#8221;190px&#8221; max_width_tablet=&#8221;120px&#8221; max_width_phone=&#8221;100px&#8221; max_width_last_edited=&#8221;on|phone&#8221; module_alignment=&#8221;center&#8221; custom_padding=&#8221;80px|8px|80px|8px|true|true&#8221; custom_padding_tablet=&#8221;40px||40px||true|false&#8221; custom_padding_phone=&#8221;&#8221; custom_padding_last_edited=&#8221;on|tablet&#8221; scroll_vertical_motion_enable=&#8221;on&#8221; scroll_vertical_motion=&#8221;0|50|50|100|-1|0|-1&#8243; text_font_size_tablet=&#8221;50px&#8221; text_font_size_phone=&#8221;40px&#8221; text_font_size_last_edited=&#8221;on|phone&#8221; text_text_shadow_style=&#8221;preset3&#8243; text_text_shadow_blur_strength=&#8221;0.46em&#8221; text_text_shadow_color=&#8221;#000000&#8243; border_width_all=&#8221;16px&#8221; border_color_all=&#8221;#ffffff&#8221; border_width_all_tablet=&#8221;8px&#8221; border_width_all_phone=&#8221;6px&#8221; border_width_all_last_edited=&#8221;on|phone&#8221; box_shadow_style=&#8221;preset1&#8243; box_shadow_vertical=&#8221;0px&#8221; box_shadow_blur=&#8221;80px&#8221; box_shadow_spread=&#8221;30px&#8221; box_shadow_color=&#8221;rgba(0,0,0,0.56)&#8221;]<\/p>\n<p style=\"text-align: center;\"><span class=\"Y2IQFc\" lang=\"ja\">\u30a4\u30b6\u30ca\u30ad<\/span><\/p>\n<div class=\"tw-ta-container F0azHf tw-lfl\" id=\"tw-target-text-container\" tabindex=\"0\">\n<pre class=\"tw-data-text tw-text-large tw-ta\" data-placeholder=\"Tradu\u00e7\u00e3o\" id=\"tw-target-text\" dir=\"ltr\"><\/pre>\n<\/div>\n<p>[\/et_pb_text][\/et_pb_column][et_pb_column type=&#8221;2_3&#8243; _builder_version=&#8221;4.4.9&#8243; custom_padding=&#8221;||||false|false&#8221;][et_pb_text _builder_version=&#8221;4.9.3&#8243; text_font=&#8221;Alegreya Sans||||||||&#8221; text_font_size=&#8221;32px&#8221; header_font=&#8221;Roboto Slab|300|||||||&#8221; header_font_size=&#8221;100px&#8221; header_4_font=&#8221;Oswald|||on|||||&#8221; header_4_text_color=&#8221;#df5518&#8243; header_4_font_size=&#8221;30px&#8221; header_4_line_height=&#8221;1.4em&#8221; background_layout=&#8221;dark&#8221; custom_margin_tablet=&#8221;50px||||false|false&#8221; custom_margin_phone=&#8221;30px||||false|false&#8221; custom_margin_last_edited=&#8221;off|desktop&#8221; header_font_size_tablet=&#8221;54px&#8221; header_font_size_phone=&#8221;32px&#8221; header_font_size_last_edited=&#8221;on|phone&#8221; header_4_font_size_tablet=&#8221;24px&#8221; header_4_font_size_phone=&#8221;18px&#8221; header_4_font_size_last_edited=&#8221;on|phone&#8221; text_text_shadow_style=&#8221;preset1&#8243; locked=&#8221;off&#8221; inline_fonts=&#8221;Aclonica&#8221;]<\/p>\n<pre class=\"tw-data-text tw-text-large tw-ta\" data-placeholder=\"Tradu\u00e7\u00e3o\" id=\"tw-target-text\" dir=\"ltr\"><\/pre>\n<h1 style=\"text-align: center;\"><span style=\"font-family: Aclonica; font-weight: normal;\"><strong>Izanaki<\/strong><\/span><\/h1>\n<p>[\/et_pb_text][et_pb_button button_url=&#8221;https:\/\/qrplus.solutions\/kVgfxz&#8221; button_text=&#8221;Menu Digital&#8221; button_alignment=&#8221;center&#8221; _builder_version=&#8221;4.9.3&#8243; custom_button=&#8221;on&#8221; button_text_size=&#8221;20px&#8221; button_text_color=&#8221;#FFFFFF&#8221; button_bg_color=&#8221;#E02B20&#8243; button_border_width=&#8221;0px&#8221; button_border_radius=&#8221;0px&#8221; button_font=&#8221;Roboto Slab||||||||&#8221; button_use_icon=&#8221;off&#8221; custom_padding=&#8221;16px|30px|16px|30px|true|true&#8221; locked=&#8221;off&#8221; button_bg_color__hover_enabled=&#8221;on|hover&#8221; button_bg_color__hover=&#8221;#000000&#8243; button_bg_enable_color__hover=&#8221;on&#8221;][\/et_pb_button][et_pb_text _builder_version=&#8221;4.4.9&#8243; text_font=&#8221;Roboto Slab||||||||&#8221; text_font_size=&#8221;24px&#8221; text_line_height=&#8221;1.6em&#8221; header_6_font_size=&#8221;16px&#8221; header_6_line_height=&#8221;1.4em&#8221; background_layout=&#8221;dark&#8221; custom_margin=&#8221;||0px||false|false&#8221; custom_padding=&#8221;||0px|||&#8221; text_font_size_tablet=&#8221;20px&#8221; text_font_size_phone=&#8221;18px&#8221; text_font_size_last_edited=&#8221;on|phone&#8221; locked=&#8221;off&#8221;][\/et_pb_text][\/et_pb_column][\/et_pb_row][\/et_pb_section][et_pb_section fb_built=&#8221;1&#8243; custom_padding_last_edited=&#8221;on|tablet&#8221; admin_label=&#8221;About&#8221; _builder_version=&#8221;4.4.9&#8243; background_color=&#8221;#f9f4ee&#8221; background_image=&#8221;https:\/\/izanaki.com.br\/wp-content\/uploads\/2022\/12\/sushi-10.jpg&#8221; custom_padding=&#8221;||20vw||false|false&#8221; custom_padding_tablet=&#8221;100px|10vw|300px|10vw|false|true&#8221; custom_padding_phone=&#8221;60px||150px||false|true&#8221; locked=&#8221;off&#8221;][et_pb_row use_custom_gutter=&#8221;on&#8221; gutter_width=&#8221;1&#8243; make_equal=&#8221;on&#8221; custom_padding_last_edited=&#8221;on|phone&#8221; _builder_version=&#8221;4.9.3&#8243; background_image=&#8221;https:\/\/izanaki.com.br\/wp-content\/uploads\/2022\/12\/sushi-background-pattern-black.png&#8221; background_size=&#8221;initial&#8221; background_repeat=&#8221;repeat&#8221; transform_scale_tablet=&#8221;&#8221; transform_scale_phone=&#8221;&#8221; transform_scale_last_edited=&#8221;on|desktop&#8221; transform_translate=&#8221;-40%|-120px&#8221; transform_translate_tablet=&#8221;0px|0px&#8221; transform_translate_phone=&#8221;&#8221; transform_translate_last_edited=&#8221;on|phone&#8221; transform_translate_linked=&#8221;off&#8221; transform_rotate_tablet=&#8221;&#8221; transform_rotate_phone=&#8221;&#8221; transform_rotate_last_edited=&#8221;on|desktop&#8221; transform_skew_tablet=&#8221;&#8221; transform_skew_phone=&#8221;&#8221; transform_skew_last_edited=&#8221;on|desktop&#8221; transform_origin_tablet=&#8221;&#8221; transform_origin_phone=&#8221;&#8221; transform_origin_last_edited=&#8221;on|desktop&#8221; transform_styles_last_edited=&#8221;on|phone&#8221; width=&#8221;90%&#8221; max_width=&#8221;550px&#8221; max_width_tablet=&#8221;100%&#8221; max_width_phone=&#8221;&#8221; max_width_last_edited=&#8221;on|phone&#8221; custom_margin=&#8221;||||false|false&#8221; custom_padding=&#8221;40px|40px|40px|40px|true|true&#8221; custom_padding_tablet=&#8221;25px|25px|25px|25px|true|true&#8221; custom_padding_phone=&#8221;&#8221; transform_styles_tablet=&#8221;&#8221; transform_styles_phone=&#8221;&#8221; border_width_all=&#8221;10px&#8221; border_color_all=&#8221;#000000&#8243; border_width_all_tablet=&#8221;8px&#8221; border_width_all_phone=&#8221;4px&#8221; border_width_all_last_edited=&#8221;on|phone&#8221;][et_pb_column type=&#8221;4_4&#8243; _builder_version=&#8221;4.4.8&#8243; background_color=&#8221;#000000&#8243; custom_padding=&#8221;30px|40px|30px|40px|true|true&#8221; custom_padding_tablet=&#8221;|30px||30px|true|true&#8221; custom_padding_phone=&#8221;&#8221; custom_padding_last_edited=&#8221;on|phone&#8221;][et_pb_text _builder_version=&#8221;4.4.9&#8243; header_2_font=&#8221;Poppins|600||on|||||&#8221; header_2_text_color=&#8221;#f9f4ee&#8221; header_2_font_size=&#8221;70px&#8221; background_layout=&#8221;dark&#8221; custom_margin=&#8221;||0px||false|false&#8221; header_2_font_size_tablet=&#8221;42px&#8221; header_2_font_size_phone=&#8221;28px&#8221; header_2_font_size_last_edited=&#8221;on|phone&#8221; header_2_text_shadow_style=&#8221;preset5&#8243; header_2_text_shadow_horizontal_length=&#8221;0.06em&#8221; header_2_text_shadow_vertical_length=&#8221;0.06em&#8221; header_2_text_shadow_color=&#8221;#df5518&#8243; locked=&#8221;off&#8221;]<\/p>\n<h2 style=\"text-align: center;\">Sushi no peso<\/h2>\n<p>&nbsp;<\/p>\n<p>[\/et_pb_text][et_pb_text _builder_version=&#8221;4.9.3&#8243; text_font_size=&#8221;16px&#8221; text_line_height=&#8221;2em&#8221; background_layout=&#8221;dark&#8221; custom_padding=&#8221;||0px|||&#8221; text_font_size_tablet=&#8221;14px&#8221; text_font_size_phone=&#8221;&#8221; text_font_size_last_edited=&#8221;on|phone&#8221; locked=&#8221;off&#8221;]<\/p>\n<p style=\"text-align: justify;\">No Izanaki, al\u00e9m do menu, temos diversas op\u00e7\u00f5es de sushis especiais na pista e voc\u00ea escolhe aqueles que mais te agradam.<\/p>\n<p>[\/et_pb_text][\/et_pb_column][\/et_pb_row][\/et_pb_section][et_pb_section fb_built=&#8221;1&#8243; custom_padding_last_edited=&#8221;on|phone&#8221; next_background_color=&#8221;#ffffff&#8221; admin_label=&#8221;Menu&#8221; _builder_version=&#8221;4.4.9&#8243; background_color=&#8221;#df5518&#8243; custom_padding=&#8221;||0px|||&#8221; custom_padding_tablet=&#8221;||120px||false|false&#8221; custom_padding_phone=&#8221;&#8221; bottom_divider_style=&#8221;slant&#8221; bottom_divider_height=&#8221;14vw&#8221; bottom_divider_flip=&#8221;vertical&#8221; global_module=&#8221;233143&#8243;][et_pb_row _builder_version=&#8221;4.4.8&#8243; custom_padding=&#8221;||0px|||&#8221;][et_pb_column type=&#8221;4_4&#8243; _builder_version=&#8221;4.4.8&#8243;][et_pb_text _builder_version=&#8221;4.4.9&#8243; header_2_font=&#8221;Roboto Slab|300|||||||&#8221; header_2_font_size=&#8221;80px&#8221; header_2_line_height=&#8221;1.2em&#8221; background_layout=&#8221;dark&#8221; custom_margin_tablet=&#8221;50px||||false|false&#8221; custom_margin_phone=&#8221;30px||||false|false&#8221; custom_margin_last_edited=&#8221;off|desktop&#8221; header_2_font_size_tablet=&#8221;44px&#8221; header_2_font_size_phone=&#8221;28px&#8221; header_2_font_size_last_edited=&#8221;on|phone&#8221; locked=&#8221;off&#8221;]<\/p>\n<h2><strong>Entregamos na sua Casa<\/strong><\/h2>\n<p>[\/et_pb_text][\/et_pb_column][\/et_pb_row][et_pb_row column_structure=&#8221;3_4,1_4&#8243; _builder_version=&#8221;4.4.8&#8243; custom_padding=&#8221;||0px|||&#8221;][et_pb_column type=&#8221;3_4&#8243; _builder_version=&#8221;4.4.8&#8243;][et_pb_image src=&#8221;https:\/\/izanaki.com.br\/wp-content\/uploads\/2022\/12\/IMG_50841-1-scaled.jpg&#8221; title_text=&#8221;IMG_50841&#8243; url=&#8221;https:\/\/www.ifood.com.br\/delivery\/joao-pessoa-pb\/izanaki-japanese-food-manaira\/f615e588-865b-41ad-975a-5ddaffa775d6&#8243; align=&#8221;center&#8221; _builder_version=&#8221;4.9.3&#8243; custom_margin_tablet=&#8221;-30px||0px||false|false&#8221; custom_margin_last_edited=&#8221;off|desktop&#8221; custom_padding=&#8221;||||false|false&#8221; scroll_rotating_enable=&#8221;on&#8221; scroll_rotating=&#8221;0|50|50|100|10\u00b0|0|-10\u00b0&#8221; border_radii=&#8221;on|100%|100%|100%|100%&#8221; box_shadow_style=&#8221;preset3&#8243; box_shadow_vertical=&#8221;80px&#8221; box_shadow_blur=&#8221;55px&#8221; box_shadow_spread=&#8221;-32px&#8221; box_shadow_color=&#8221;rgba(0,0,0,0.43)&#8221; locked=&#8221;off&#8221;][\/et_pb_image][\/et_pb_column][et_pb_column type=&#8221;1_4&#8243; _builder_version=&#8221;4.4.8&#8243;][et_pb_button button_url=&#8221;https:\/\/www.ifood.com.br\/delivery\/joao-pessoa-pb\/izanaki-japanese-food-manaira\/f615e588-865b-41ad-975a-5ddaffa775d6&#8243; button_text=&#8221;Entradas&#8221; button_alignment=&#8221;right&#8221; _builder_version=&#8221;4.9.3&#8243; custom_button=&#8221;on&#8221; button_text_size=&#8221;44px&#8221; button_text_color=&#8221;#000000&#8243; button_bg_color=&#8221;rgba(0,0,0,0)&#8221; button_border_width=&#8221;0px&#8221; button_font=&#8221;Oswald|||on|||||&#8221; button_use_icon=&#8221;off&#8221; background_layout=&#8221;dark&#8221; custom_margin=&#8221;||10px||false|false&#8221; custom_padding=&#8221;0px|0px|0px|0px|true|true&#8221; button_text_size_tablet=&#8221;30px&#8221; button_text_size_phone=&#8221;24px&#8221; button_text_size_last_edited=&#8221;on|phone&#8221; locked=&#8221;off&#8221; button_text_color__hover_enabled=&#8221;on|hover&#8221; button_text_color__hover=&#8221;#ffffff&#8221;][\/et_pb_button][et_pb_button button_url=&#8221;https:\/\/www.ifood.com.br\/delivery\/joao-pessoa-pb\/izanaki-japanese-food-manaira\/f615e588-865b-41ad-975a-5ddaffa775d6&#8243; button_text=&#8221;Pratos quentes&#8221; button_alignment=&#8221;right&#8221; _builder_version=&#8221;4.9.3&#8243; custom_button=&#8221;on&#8221; button_text_size=&#8221;44px&#8221; button_text_color=&#8221;#000000&#8243; button_bg_color=&#8221;rgba(0,0,0,0)&#8221; button_border_width=&#8221;0px&#8221; button_font=&#8221;Oswald|||on|||||&#8221; button_use_icon=&#8221;off&#8221; background_layout=&#8221;dark&#8221; custom_margin=&#8221;||10px||false|false&#8221; custom_padding=&#8221;0px|0px|0px|0px|true|true&#8221; button_text_size_tablet=&#8221;30px&#8221; button_text_size_phone=&#8221;24px&#8221; button_text_size_last_edited=&#8221;on|phone&#8221; locked=&#8221;off&#8221; button_text_color__hover_enabled=&#8221;on|hover&#8221; button_text_color__hover=&#8221;#ffffff&#8221;][\/et_pb_button][et_pb_button button_url=&#8221;https:\/\/www.ifood.com.br\/delivery\/joao-pessoa-pb\/izanaki-japanese-food-manaira\/f615e588-865b-41ad-975a-5ddaffa775d6&#8243; button_text=&#8221;Combos&#8221; button_alignment=&#8221;right&#8221; _builder_version=&#8221;4.9.3&#8243; custom_button=&#8221;on&#8221; button_text_size=&#8221;44px&#8221; button_text_color=&#8221;#000000&#8243; button_bg_color=&#8221;rgba(0,0,0,0)&#8221; button_border_width=&#8221;0px&#8221; button_font=&#8221;Oswald|||on|||||&#8221; button_use_icon=&#8221;off&#8221; background_layout=&#8221;dark&#8221; custom_margin=&#8221;||10px||false|false&#8221; custom_padding=&#8221;0px|0px|0px|0px|true|true&#8221; button_text_size_tablet=&#8221;30px&#8221; button_text_size_phone=&#8221;24px&#8221; button_text_size_last_edited=&#8221;on|tablet&#8221; locked=&#8221;off&#8221; button_text_color__hover_enabled=&#8221;on|hover&#8221; button_text_color__hover=&#8221;#ffffff&#8221;][\/et_pb_button][et_pb_button button_url=&#8221;https:\/\/www.ifood.com.br\/delivery\/joao-pessoa-pb\/izanaki-japanese-food-manaira\/f615e588-865b-41ad-975a-5ddaffa775d6&#8243; button_text=&#8221;Temaki&#8221; button_alignment=&#8221;right&#8221; _builder_version=&#8221;4.9.3&#8243; custom_button=&#8221;on&#8221; button_text_size=&#8221;44px&#8221; button_text_color=&#8221;#000000&#8243; button_bg_color=&#8221;rgba(0,0,0,0)&#8221; button_border_width=&#8221;0px&#8221; button_font=&#8221;Oswald|||on|||||&#8221; button_use_icon=&#8221;off&#8221; background_layout=&#8221;dark&#8221; custom_margin=&#8221;||10px||false|false&#8221; custom_padding=&#8221;0px|0px|0px|0px|true|true&#8221; button_text_size_tablet=&#8221;30px&#8221; button_text_size_phone=&#8221;24px&#8221; button_text_size_last_edited=&#8221;on|tablet&#8221; locked=&#8221;off&#8221; button_text_color__hover_enabled=&#8221;on|hover&#8221; button_text_color__hover=&#8221;#ffffff&#8221;][\/et_pb_button][et_pb_button button_url=&#8221;https:\/\/www.ifood.com.br\/delivery\/joao-pessoa-pb\/izanaki-japanese-food-manaira\/f615e588-865b-41ad-975a-5ddaffa775d6&#8243; button_text=&#8221;Sobremesas&#8221; button_alignment=&#8221;right&#8221; _builder_version=&#8221;4.9.3&#8243; custom_button=&#8221;on&#8221; button_text_size=&#8221;44px&#8221; button_text_color=&#8221;#000000&#8243; button_bg_color=&#8221;rgba(0,0,0,0)&#8221; button_border_width=&#8221;0px&#8221; button_font=&#8221;Oswald|||on|||||&#8221; button_use_icon=&#8221;off&#8221; background_layout=&#8221;dark&#8221; custom_margin=&#8221;||10px||false|false&#8221; custom_padding=&#8221;0px|0px|0px|0px|true|true&#8221; button_text_size_tablet=&#8221;30px&#8221; button_text_size_phone=&#8221;24px&#8221; button_text_size_last_edited=&#8221;on|tablet&#8221; locked=&#8221;off&#8221; button_text_color__hover_enabled=&#8221;on|hover&#8221; button_text_color__hover=&#8221;#ffffff&#8221;][\/et_pb_button][\/et_pb_column][\/et_pb_row][\/et_pb_section]<\/p>\n","protected":false},"excerpt":{"rendered":"<p>[et_pb_section fb_built=&#8221;1&#8243; admin_label=&#8221;Header&#8221; _builder_version=&#8221;4.9.3&#8243; background_color=&#8221;#000000&#8243; background_image=&#8221;https:\/\/izanaki.com.br\/wp-content\/uploads\/2022\/12\/sushi-08.jpg&#8221; min_height=&#8221;100vh&#8221; min_height_tablet=&#8221;&#8221; min_height_phone=&#8221;&#8221; min_height_last_edited=&#8221;on|phone&#8221; custom_padding=&#8221;14vw||14vw||true|false&#8221; locked=&#8221;off&#8221;][et_pb_row column_structure=&#8221;1_3,2_3&#8243; make_equal=&#8221;on&#8221; _builder_version=&#8221;4.9.3&#8243; locked=&#8221;off&#8221;][et_pb_column type=&#8221;1_3&#8243; _builder_version=&#8221;4.4.9&#8243; custom_padding=&#8221;||||false|false&#8221;][et_pb_divider show_divider=&#8221;off&#8221; _builder_version=&#8221;4.9.3&#8243; background_image=&#8221;https:\/\/izanaki.com.br\/wp-content\/uploads\/2022\/12\/sushi-background-pattern-red-150&#215;75-1.png&#8221; background_size=&#8221;initial&#8221; background_repeat=&#8221;repeat&#8221; positioning=&#8221;absolute&#8221; position_origin_a=&#8221;center_center&#8221; vertical_offset=&#8221;0px&#8221; width=&#8221;120px&#8221; width_tablet=&#8221;120px&#8221; width_phone=&#8221;100px&#8221; [&hellip;]<\/p>\n","protected":false},"author":1,"featured_media":0,"parent":0,"menu_order":0,"comment_status":"closed","ping_status":"closed","template":"","meta":{"_et_pb_use_builder":"on","_et_pb_old_content":"","_et_gb_content_width":"","_joinchat":[],"footnotes":""},"class_list":["post-5","page","type-page","status-publish","hentry"],"_links":{"self":[{"href":"https:\/\/izanaki.com.br\/index.php\/wp-json\/wp\/v2\/pages\/5","targetHints":{"allow":["GET"]}}],"collection":[{"href":"https:\/\/izanaki.com.br\/index.php\/wp-json\/wp\/v2\/pages"}],"about":[{"href":"https:\/\/izanaki.com.br\/index.php\/wp-json\/wp\/v2\/types\/page"}],"author":[{"embeddable":true,"href":"https:\/\/izanaki.com.br\/index.php\/wp-json\/wp\/v2\/users\/1"}],"replies":[{"embeddable":true,"href":"https:\/\/izanaki.com.br\/index.php\/wp-json\/wp\/v2\/comments?post=5"}],"version-history":[{"count":16,"href":"https:\/\/izanaki.com.br\/index.php\/wp-json\/wp\/v2\/pages\/5\/revisions"}],"predecessor-version":[{"id":233144,"href":"https:\/\/izanaki.com.br\/index.php\/wp-json\/wp\/v2\/pages\/5\/revisions\/233144"}],"wp:attachment":[{"href":"https:\/\/izanaki.com.br\/index.php\/wp-json\/wp\/v2\/media?parent=5"}],"curies":[{"name":"wp","href":"https:\/\/api.w.org\/{rel}","templated":true}]}}